{"id":3362,"date":"2016-06-17T03:07:33","date_gmt":"2016-06-17T03:07:33","guid":{"rendered":"https:\/\/rosanapero.com\/%d8%af%db%95%d8%b1%d8%a8%d8%a7%d8%b1%db%95%db%8c-%d8%a6%db%8e%d9%85%db%95\/"},"modified":"2024-06-10T16:05:06","modified_gmt":"2024-06-10T16:05:06","slug":"%d8%af%db%95%d8%b1%d8%a8%d8%a7%d8%b1%db%95%db%8c-%d8%a6%db%8e%d9%85%db%95","status":"publish","type":"page","link":"https:\/\/rosanapero.com\/ku\/%d8%af%db%95%d8%b1%d8%a8%d8%a7%d8%b1%db%95%db%8c-%d8%a6%db%8e%d9%85%db%95\/","title":{"rendered":"\u062f\u06d5\u0631\u0628\u0627\u0631\u06d5\u06cc \u0626\u06ce\u0645\u06d5"},"content":{"rendered":"\t\t<div data-elementor-type=\"wp-page\" data-elementor-id=\"3362\" class=\"elementor elementor-3362 elementor-104\" data-elementor-post-type=\"page\">\n\t\t\t\t\t\t<section class=\"elementor-section elementor-top-section elementor-element elementor-element-d1b5ae4 breadcrumb-elementor elementor-section-boxed elementor-section-height-default elementor-section-height-default\" data-id=\"d1b5ae4\" data-element_type=\"section\">\n\t\t\t\t\t\t<div class=\"elementor-container elementor-column-gap-default\">\n\t\t\t\t\t<div class=\"elementor-column elementor-col-100 elementor-top-column elementor-element elementor-element-682de895\" data-id=\"682de895\" data-element_type=\"column\">\n\t\t\t<div class=\"elementor-widget-wrap elementor-element-populated\">\n\t\t\t\t\t\t<div class=\"elementor-element elementor-element-185704ba elementor-widget elementor-widget-image\" data-id=\"185704ba\" data-element_type=\"widget\" data-widget_type=\"image.default\">\n\t\t\t\t<div class=\"elementor-widget-container\">\n\t\t\t<style>\/*! elementor - v3.22.0 - 17-06-2024 *\/\n.elementor-widget-image{text-align:center}.elementor-widget-image a{display:inline-block}.elementor-widget-image a img[src$=\".svg\"]{width:48px}.elementor-widget-image img{vertical-align:middle;display:inline-block}<\/style>\t\t\t\t\t\t\t\t\t\t<img fetchpriority=\"high\" decoding=\"async\" width=\"1170\" height=\"200\" src=\"https:\/\/rosanapero.com\/wp-content\/uploads\/2021\/01\/bg_breadcrumb.jpg\" class=\"attachment-full size-full wp-image-3256\" alt=\"\" srcset=\"https:\/\/rosanapero.com\/wp-content\/uploads\/2021\/01\/bg_breadcrumb.jpg 1170w, https:\/\/rosanapero.com\/wp-content\/uploads\/2021\/01\/bg_breadcrumb-600x103.jpg 600w, https:\/\/rosanapero.com\/wp-content\/uploads\/2021\/01\/bg_breadcrumb-300x51.jpg 300w, https:\/\/rosanapero.com\/wp-content\/uploads\/2021\/01\/bg_breadcrumb-1024x175.jpg 1024w, https:\/\/rosanapero.com\/wp-content\/uploads\/2021\/01\/bg_breadcrumb-768x131.jpg 768w\" sizes=\"(max-width: 1170px) 100vw, 1170px\" \/>\t\t\t\t\t\t\t\t\t\t\t\t\t<\/div>\n\t\t\t\t<\/div>\n\t\t\t\t<div class=\"elementor-element elementor-element-3c6a96ce elementor-widget elementor-widget-woocommerce-breadcrumb\" data-id=\"3c6a96ce\" data-element_type=\"widget\" data-settings=\"{&quot;_animation&quot;:&quot;none&quot;}\" data-widget_type=\"woocommerce-breadcrumb.default\">\n\t\t\t\t<div class=\"elementor-widget-container\">\n\t\t\t<link rel=\"stylesheet\" href=\"https:\/\/rosanapero.com\/wp-content\/plugins\/elementor-pro\/assets\/css\/widget-woocommerce.min.css\"><nav class=\"woocommerce-breadcrumb\" aria-label=\"Breadcrumb\">\u0633\u06d5\u0631\u06d5\u062a\u0627<\/nav>\t\t<\/div>\n\t\t\t\t<\/div>\n\t\t\t\t\t<\/div>\n\t\t<\/div>\n\t\t\t\t\t<\/div>\n\t\t<\/section>\n\t\t\t\t<section class=\"elementor-section elementor-top-section elementor-element elementor-element-7904a6b4 elementor-section-boxed elementor-section-height-default elementor-section-height-default\" data-id=\"7904a6b4\" data-element_type=\"section\">\n\t\t\t\t\t\t<div class=\"elementor-container elementor-column-gap-default\">\n\t\t\t\t\t<div class=\"elementor-column elementor-col-100 elementor-top-column elementor-element elementor-element-8b08959\" data-id=\"8b08959\" data-element_type=\"column\">\n\t\t\t<div class=\"elementor-widget-wrap elementor-element-populated\">\n\t\t\t\t\t\t<div class=\"elementor-element elementor-element-5f8a4f9 elementor-widget elementor-widget-image\" data-id=\"5f8a4f9\" data-element_type=\"widget\" data-widget_type=\"image.default\">\n\t\t\t\t<div class=\"elementor-widget-container\">\n\t\t\t\t\t\t\t\t\t\t\t\t\t<img decoding=\"async\" width=\"1170\" height=\"550\" src=\"https:\/\/rosanapero.com\/wp-content\/uploads\/2016\/06\/about.jpg\" class=\"attachment-full size-full wp-image-3092\" alt=\"\" srcset=\"https:\/\/rosanapero.com\/wp-content\/uploads\/2016\/06\/about.jpg 1170w, https:\/\/rosanapero.com\/wp-content\/uploads\/2016\/06\/about-600x282.jpg 600w, https:\/\/rosanapero.com\/wp-content\/uploads\/2016\/06\/about-300x141.jpg 300w, https:\/\/rosanapero.com\/wp-content\/uploads\/2016\/06\/about-1024x481.jpg 1024w, https:\/\/rosanapero.com\/wp-content\/uploads\/2016\/06\/about-768x361.jpg 768w\" sizes=\"(max-width: 1170px) 100vw, 1170px\" \/>\t\t\t\t\t\t\t\t\t\t\t\t\t<\/div>\n\t\t\t\t<\/div>\n\t\t\t\t<div class=\"elementor-element elementor-element-62e53d6 elementor-widget elementor-widget-heading\" data-id=\"62e53d6\" data-element_type=\"widget\" data-widget_type=\"heading.default\">\n\t\t\t\t<div class=\"elementor-widget-container\">\n\t\t\t<style>\/*! elementor - v3.22.0 - 17-06-2024 *\/\n.elementor-heading-title{padding:0;margin:0;line-height:1}.elementor-widget-heading .elementor-heading-title[class*=elementor-size-]>a{color:inherit;font-size:inherit;line-height:inherit}.elementor-widget-heading .elementor-heading-title.elementor-size-small{font-size:15px}.elementor-widget-heading .elementor-heading-title.elementor-size-medium{font-size:19px}.elementor-widget-heading .elementor-heading-title.elementor-size-large{font-size:29px}.elementor-widget-heading .elementor-heading-title.elementor-size-xl{font-size:39px}.elementor-widget-heading .elementor-heading-title.elementor-size-xxl{font-size:59px}<\/style><h2 class=\"elementor-heading-title elementor-size-default\">\u0628\u06d5\u062e\u06ce\u0631\u0628\u06ce\u0646 \u0628\u06c6 \u0631\u06c6\u0633\u0627\u0646\u0627 \u067e\u06ce\u0631\u06c6<\/h2>\t\t<\/div>\n\t\t\t\t<\/div>\n\t\t\t\t<section class=\"elementor-section elementor-inner-section elementor-element elementor-element-6247375 page-about-top elementor-section-boxed elementor-section-height-default elementor-section-height-default\" data-id=\"6247375\" data-element_type=\"section\">\n\t\t\t\t\t\t<div class=\"elementor-container elementor-column-gap-default\">\n\t\t\t\t\t<div class=\"elementor-column elementor-col-100 elementor-inner-column elementor-element elementor-element-08cf255\" data-id=\"08cf255\" data-element_type=\"column\">\n\t\t\t<div class=\"elementor-widget-wrap elementor-element-populated\">\n\t\t\t\t\t\t<div class=\"elementor-element elementor-element-14b87bb elementor-widget elementor-widget-text-editor\" data-id=\"14b87bb\" data-element_type=\"widget\" data-widget_type=\"text-editor.default\">\n\t\t\t\t<div class=\"elementor-widget-container\">\n\t\t\t<style>\/*! elementor - v3.22.0 - 17-06-2024 *\/\n.elementor-widget-text-editor.elementor-drop-cap-view-stacked .elementor-drop-cap{background-color:#69727d;color:#fff}.elementor-widget-text-editor.elementor-drop-cap-view-framed .elementor-drop-cap{color:#69727d;border:3px solid;background-color:transparent}.elementor-widget-text-editor:not(.elementor-drop-cap-view-default) .elementor-drop-cap{margin-top:8px}.elementor-widget-text-editor:not(.elementor-drop-cap-view-default) .elementor-drop-cap-letter{width:1em;height:1em}.elementor-widget-text-editor .elementor-drop-cap{float:left;text-align:center;line-height:1;font-size:50px}.elementor-widget-text-editor .elementor-drop-cap-letter{display:inline-block}<\/style>\t\t\t\t<p>Mifteya sereke, nekevin xefik\u00ea, baldar bim\u00eenin. Y\u00ean her\u00ee n\u00eaz\u00ee we ne ku dixwazin we t\u00eak\u00e7\u00fbn bib\u00eenin. \u015e\u00ear! Got\u00fbb\u00eaja cil\u00ea. Li ser we ye ku h\u00fbn \u00e7awa dixwazin jiyana xwe bij\u00een. Her kes bijartinek heye. Ez bijartina xwe hildibij\u00earim, paqij e. Ya sereke vexwarina g\u00fbz\u00ea ye, g\u00fbz\u00ea teze, ji min bawer bikin. Li dora xwe bi milyaketan, enerjiya er\u00ean\u00ee, mirov\u00ean xwe\u015fik, giyan\u00ean xwe\u015fik, dil\u00ea paqij, milyaket. Her firseta ku min dist\u00eene, ez nebatan av didim, \u015e\u00ear! Ber\u00ea min ev ti\u015ft ji te re got, dema hewza te hebe, klor\u00ea bi kar neynin, ava \u015for bikar b\u00eenin, derman, ava \u015for derman e.<\/p>\n\t\t\t\t\t\t<\/div>\n\t\t\t\t<\/div>\n\t\t\t\t<div class=\"elementor-element elementor-element-6850d2e text-about-red elementor-widget elementor-widget-text-editor\" data-id=\"6850d2e\" data-element_type=\"widget\" data-widget_type=\"text-editor.default\">\n\t\t\t\t<div class=\"elementor-widget-container\">\n\t\t\t\t\t\t\t<p>Wraith axaftin. Ser\u00ea meh\u00ea t\u00ea, div\u00ea em pereyan bist\u00eenin, \u00e7areya me nemaye. Xwarin\u00ea pere dist\u00eene \u00fb naxwazin tu bixw\u00ee. Naxwazin em bi ser bikevin. P\u00eeroz be, te bi xwe l\u00eest. Roja din giya qehwey\u00ee b\u00fb, niha kesk b\u00fbye ji ber ku ez dev j\u00ea bernadim. Tesl\u00eem nebe. Ji y\u00ean her\u00ee bilind re spas bikin. Li dora xwe bi milyaketan. Mogul axaftin. Gir\u00eeng e ku r\u00fbn\u00ea kakao bikar b\u00eenin. Ew mifteya b\u00eatir serfiraziy\u00ea ye, \u00e7ima ne xwe\u015f bij\u00een? \u00c7ima dijwar dij\u00een?<\/p>\n\t\t\t\t\t\t<\/div>\n\t\t\t\t<\/div>\n\t\t\t\t<div class=\"elementor-element elementor-element-00858cf elementor-widget elementor-widget-text-editor\" data-id=\"00858cf\" data-element_type=\"widget\" data-widget_type=\"text-editor.default\">\n\t\t\t\t<div class=\"elementor-widget-container\">\n\t\t\t\t\t\t\t<p>Sp\u00eey\u00ean h\u00eakan, sos\u00ees\u00ea tirkan, tost\u00ea genim, av. Helbet ew naxwazin em ta\u015ft\u00eaya xwe bixwin, lewma em \u00ea ta\u015ft\u00eaya xwe bixwin. Mifteya serkeftin\u00ea ew e ku h\u00fbn ser\u00ea xwe li ser av\u00ea bih\u00ealin, qet dev j\u00ea bernedin. Fan luv. A\u015fitiy\u00ea bib\u00eenin, jiyan m\u00eena av\u00ea ye, div\u00ea h\u00fbn biherikin. Li pi\u015fta xwe tema\u015fe bikin, l\u00ea ya gir\u00eengtir gava ku h\u00fbn ji ser\u015fok\u00ea derkevin, pi\u015fta xwe hi\u015fk bikin, ew c\u00eehanek sar e. Ez li ser ti\u015ftek\u00ee me. Sp\u00eey\u00ean h\u00eakan, sos\u00ees\u00ea tirkan, tost\u00ea genim, av. Helbet ew naxwazin em ta\u015ft\u00eaya xwe bixwin, lewma em \u00ea ta\u015ft\u00eaya xwe bixwin.<\/p>\n\t\t\t\t\t\t<\/div>\n\t\t\t\t<\/div>\n\t\t\t\t\t<\/div>\n\t\t<\/div>\n\t\t\t\t\t<\/div>\n\t\t<\/section>\n\t\t\t\t\t<\/div>\n\t\t<\/div>\n\t\t\t\t\t<\/div>\n\t\t<\/section>\n\t\t\t\t<section class=\"elementor-section elementor-top-section elementor-element elementor-element-a15b19a elementor-section-boxed elementor-section-height-default elementor-section-height-default\" data-id=\"a15b19a\" data-element_type=\"section\">\n\t\t\t\t\t\t<div class=\"elementor-container elementor-column-gap-default\">\n\t\t\t\t\t<div class=\"elementor-column elementor-col-100 elementor-top-column elementor-element elementor-element-6c34bbb\" data-id=\"6c34bbb\" data-element_type=\"column\">\n\t\t\t<div class=\"elementor-widget-wrap elementor-element-populated\">\n\t\t\t\t\t\t<div class=\"elementor-element elementor-element-3c1d55b remove-h5 elementor-widget elementor-widget-wp-widget-sw_team_slider\" data-id=\"3c1d55b\" data-element_type=\"widget\" data-widget_type=\"wp-widget-sw_team_slider.default\">\n\t\t\t\t<div class=\"elementor-widget-container\">\n\t\t\t<h5>Our Team<\/h5><div id=\"wp-widget-sw_team_slider\" class=\"responsive-slider sw-ourteam-slider default loading clearfix\" data-lg=\"3\" data-md=\"3\" data-sm=\"2\" data-xs=\"2\" data-mobile=\"2\" data-speed=\"1000\" data-scroll=\"1\" data-interval=\"5000\" data-rtl=\"true\" data-autoplay=\"false\">\r\n\t\t\t<div class=\"box-title\">\r\n\t\t\t<h2>Our Team<\/h2>\r\n\t\t\t<div class=\"slider-description\">It uses a dictionary of over 200 Latin words, combined with a handful of model sentence structures<\/div>\t\t<\/div>\r\n\t\t\t<div class=\"resp-slider-container\">\r\n\t\t<div class=\"slider responsive\">\r\n\t\t\t\t\t<div class=\"item\">\r\n\t\t\t\t\t\t<div class=\"item-wrap\">\t\t\t\t\t\t\t\r\n\t\t\t\t\t\t\t\t\t<div class=\"item-img\">\t\t\t\r\n\t\t\t\t\t\t<img decoding=\"async\" width=\"370\" height=\"500\" src=\"https:\/\/rosanapero.com\/wp-content\/uploads\/2016\/06\/team2.jpg\" class=\"attachment-post-thumbnail size-post-thumbnail wp-post-image\" alt=\"\" srcset=\"https:\/\/rosanapero.com\/wp-content\/uploads\/2016\/06\/team2.jpg 370w, https:\/\/rosanapero.com\/wp-content\/uploads\/2016\/06\/team2-222x300.jpg 222w\" sizes=\"(max-width: 370px) 100vw, 370px\">\t\r\n\t\t\t\t\t<\/div>\r\n\t\t\t\t\t\t\t\t\t\r\n\t\t\t\t\t<div class=\"item-content\">\r\n\t\t\t\t\t\t<h3>Vanissa Hugo<\/h3>\r\n\t\t\t\t\t\t\t\t\t\t\t\t<div class=\"item-desc\">\r\n\t\t\t\t\t\t\tCare workeds\t\t\t\t\t\t<\/div>\r\n\t\t\t\t\t<\/div>\r\n\t\t\t\t\t\t\t\t\t\t\r\n\t\t\t\t<\/div>\r\n\t\t\t <\/div>\t\t\t\t\t\t<div class=\"item\">\r\n\t\t\t\t\t\t<div class=\"item-wrap\">\t\t\t\t\t\t\t\r\n\t\t\t\t\t\t\t\t\t<div class=\"item-img\">\t\t\t\r\n\t\t\t\t\t\t<img loading=\"lazy\" decoding=\"async\" width=\"370\" height=\"500\" src=\"https:\/\/rosanapero.com\/wp-content\/uploads\/2016\/06\/team3.jpg\" class=\"attachment-post-thumbnail size-post-thumbnail wp-post-image\" alt=\"\" srcset=\"https:\/\/rosanapero.com\/wp-content\/uploads\/2016\/06\/team3.jpg 370w, https:\/\/rosanapero.com\/wp-content\/uploads\/2016\/06\/team3-222x300.jpg 222w\" sizes=\"(max-width: 370px) 100vw, 370px\">\t\r\n\t\t\t\t\t<\/div>\r\n\t\t\t\t\t\t\t\t\t\r\n\t\t\t\t\t<div class=\"item-content\">\r\n\t\t\t\t\t\t<h3>Jennifer lawrence<\/h3>\r\n\t\t\t\t\t\t\t\t\t\t\t\t<div class=\"item-desc\">\r\n\t\t\t\t\t\t\tCeo\t\t\t\t\t\t<\/div>\r\n\t\t\t\t\t<\/div>\r\n\t\t\t\t\t\t\t\t\t\t\r\n\t\t\t\t<\/div>\r\n\t\t\t <\/div>\t\t\t\t\t\t<div class=\"item\">\r\n\t\t\t\t\t\t<div class=\"item-wrap\">\t\t\t\t\t\t\t\r\n\t\t\t\t\t\t\t\t\t<div class=\"item-img\">\t\t\t\r\n\t\t\t\t\t\t<img loading=\"lazy\" decoding=\"async\" width=\"370\" height=\"500\" src=\"https:\/\/rosanapero.com\/wp-content\/uploads\/2016\/06\/team1.jpg\" class=\"attachment-post-thumbnail size-post-thumbnail wp-post-image\" alt=\"\" srcset=\"https:\/\/rosanapero.com\/wp-content\/uploads\/2016\/06\/team1.jpg 370w, https:\/\/rosanapero.com\/wp-content\/uploads\/2016\/06\/team1-222x300.jpg 222w\" sizes=\"(max-width: 370px) 100vw, 370px\">\t\r\n\t\t\t\t\t<\/div>\r\n\t\t\t\t\t\t\t\t\t\r\n\t\t\t\t\t<div class=\"item-content\">\r\n\t\t\t\t\t\t<h3>Roy Hamilton<\/h3>\r\n\t\t\t\t\t\t\t\t\t\t\t\t<div class=\"item-desc\">\r\n\t\t\t\t\t\t\tDesigner\t\t\t\t\t\t<\/div>\r\n\t\t\t\t\t<\/div>\r\n\t\t\t\t\t\t\t\t\t\t\r\n\t\t\t\t<\/div>\r\n\t\t\t <\/div>\t\t\t\t\t<\/div>\r\n\t<\/div>\r\n\t<\/div>\t\t<\/div>\n\t\t\t\t<\/div>\n\t\t\t\t\t<\/div>\n\t\t<\/div>\n\t\t\t\t\t<\/div>\n\t\t<\/section>\n\t\t\t\t<\/div>\n\t\t","protected":false},"excerpt":{"rendered":"<p>\u0628\u06d5\u062e\u06ce\u0631\u0628\u06ce\u0646 \u0628\u06c6 \u0631\u06c6\u0633\u0627\u0646\u0627 \u067e\u06ce\u0631\u06c6 Mifteya sereke, nekevin xefik\u00ea, baldar bim\u00eenin. Y\u00ean her\u00ee n\u00eaz\u00ee we ne ku dixwazin we t\u00eak\u00e7\u00fbn bib\u00eenin. \u015e\u00ear! Got\u00fbb\u00eaja cil\u00ea. Li ser we ye ku h\u00fbn \u00e7awa dixwazin jiyana xwe bij\u00een. Her kes bijartinek heye. Ez bijartina &hellip; <a href=\"https:\/\/rosanapero.com\/ku\/team\/gaha-sida\/\">Readmore<\/a><\/p>\n","protected":false},"author":1,"featured_media":0,"parent":0,"menu_order":0,"comment_status":"closed","ping_status":"closed","template":"","meta":{"footnotes":""},"_links":{"self":[{"href":"https:\/\/rosanapero.com\/ku\/wp-json\/wp\/v2\/pages\/3362"}],"collection":[{"href":"https:\/\/rosanapero.com\/ku\/wp-json\/wp\/v2\/pages"}],"about":[{"href":"https:\/\/rosanapero.com\/ku\/wp-json\/wp\/v2\/types\/page"}],"author":[{"embeddable":true,"href":"https:\/\/rosanapero.com\/ku\/wp-json\/wp\/v2\/users\/1"}],"replies":[{"embeddable":true,"href":"https:\/\/rosanapero.com\/ku\/wp-json\/wp\/v2\/comments?post=3362"}],"version-history":[{"count":1,"href":"https:\/\/rosanapero.com\/ku\/wp-json\/wp\/v2\/pages\/3362\/revisions"}],"predecessor-version":[{"id":3363,"href":"https:\/\/rosanapero.com\/ku\/wp-json\/wp\/v2\/pages\/3362\/revisions\/3363"}],"wp:attachment":[{"href":"https:\/\/rosanapero.com\/ku\/wp-json\/wp\/v2\/media?parent=3362"}],"curies":[{"name":"wp","href":"https:\/\/api.w.org\/{rel}","templated":true}]}}